{"id":770,"date":"2024-04-23T11:44:45","date_gmt":"2024-04-23T09:44:45","guid":{"rendered":"https:\/\/oliviamolnar.be\/?page_id=770"},"modified":"2024-04-23T11:51:21","modified_gmt":"2024-04-23T09:51:21","slug":"les-petits-suicides-3","status":"publish","type":"page","link":"https:\/\/oliviamolnar.be\/index.php\/les-petits-suicides-3\/","title":{"rendered":"Les Petits Suicides"},"content":{"rendered":"\t\t<div data-elementor-type=\"wp-page\" data-elementor-id=\"770\" class=\"elementor elementor-770\">\n\t\t\t\t\t\t<section class=\"elementor-section elementor-top-section elementor-element elementor-element-81e3b9a elementor-section-boxed elementor-section-height-default elementor-section-height-default\" data-id=\"81e3b9a\" data-element_type=\"section\">\n\t\t\t\t\t\t<div class=\"elementor-container elementor-column-gap-default\">\n\t\t\t\t\t<div class=\"elementor-column elementor-col-100 elementor-top-column elementor-element elementor-element-876e2ea\" data-id=\"876e2ea\" data-element_type=\"column\">\n\t\t\t<div class=\"elementor-widget-wrap elementor-element-populated\">\n\t\t\t\t\t\t<div class=\"elementor-element elementor-element-a6e8828 elementor-widget elementor-widget-spacer\" data-id=\"a6e8828\" data-element_type=\"widget\" data-widget_type=\"spacer.default\">\n\t\t\t\t<div class=\"elementor-widget-container\">\n\t\t\t\t\t<div class=\"elementor-spacer\">\n\t\t\t<div class=\"elementor-spacer-inner\"><\/div>\n\t\t<\/div>\n\t\t\t\t<\/div>\n\t\t\t\t<\/div>\n\t\t\t\t<div class=\"elementor-element elementor-element-c0e49af elementor-arrows-position-inside elementor-pagination-position-outside elementor-widget elementor-widget-image-carousel\" data-id=\"c0e49af\" data-element_type=\"widget\" data-settings=\"{&quot;slides_to_show&quot;:&quot;1&quot;,&quot;speed&quot;:400,&quot;navigation&quot;:&quot;both&quot;,&quot;autoplay&quot;:&quot;yes&quot;,&quot;pause_on_hover&quot;:&quot;yes&quot;,&quot;pause_on_interaction&quot;:&quot;yes&quot;,&quot;autoplay_speed&quot;:5000,&quot;infinite&quot;:&quot;yes&quot;,&quot;effect&quot;:&quot;slide&quot;}\" data-widget_type=\"image-carousel.default\">\n\t\t\t\t<div class=\"elementor-widget-container\">\n\t\t\t\t\t<div class=\"elementor-image-carousel-wrapper swiper\" dir=\"ltr\">\n\t\t\t<div class=\"elementor-image-carousel swiper-wrapper\" aria-live=\"off\">\n\t\t\t\t\t\t\t\t<div class=\"swiper-slide\" role=\"group\" aria-roledescription=\"slide\" aria-label=\"1 of 6\"><figure class=\"swiper-slide-inner\"><img decoding=\"async\" class=\"swiper-slide-image\" src=\"https:\/\/oliviamolnar.be\/wp-content\/uploads\/2019\/10\/69724189_2425549874352650_6847636436422754304_o.jpg\" alt=\"69724189_2425549874352650_6847636436422754304_o\" \/><\/figure><\/div><div class=\"swiper-slide\" role=\"group\" aria-roledescription=\"slide\" aria-label=\"2 of 6\"><figure class=\"swiper-slide-inner\"><img decoding=\"async\" class=\"swiper-slide-image\" src=\"https:\/\/oliviamolnar.be\/wp-content\/uploads\/2024\/04\/Photo_Dorin-Mihai-1536x1024.jpg\" alt=\"PICCOLI SUICIDI  di Giulio Moln\u00e1r, con Olivia Moln\u00e1r, Festival Le Citt\u00e0 Visibili 2023, Rimini, copyright Dorin Mihai\" \/><\/figure><\/div><div class=\"swiper-slide\" role=\"group\" aria-roledescription=\"slide\" aria-label=\"3 of 6\"><figure class=\"swiper-slide-inner\"><img decoding=\"async\" class=\"swiper-slide-image\" src=\"https:\/\/oliviamolnar.be\/wp-content\/uploads\/2024\/04\/Suicidi02-1536x1024.jpg\" alt=\"Suicidi02\" \/><\/figure><\/div><div class=\"swiper-slide\" role=\"group\" aria-roledescription=\"slide\" aria-label=\"4 of 6\"><figure class=\"swiper-slide-inner\"><img decoding=\"async\" class=\"swiper-slide-image\" src=\"https:\/\/oliviamolnar.be\/wp-content\/uploads\/2024\/04\/Photo_Asia-Serpe-1536x1024.jpg\" alt=\"Photo_Asia-Serpe\" \/><\/figure><\/div><div class=\"swiper-slide\" role=\"group\" aria-roledescription=\"slide\" aria-label=\"5 of 6\"><figure class=\"swiper-slide-inner\"><img decoding=\"async\" class=\"swiper-slide-image\" src=\"https:\/\/oliviamolnar.be\/wp-content\/uploads\/2019\/10\/70749303_2329291580719306_5534035785751199744_o.jpg\" alt=\"70749303_2329291580719306_5534035785751199744_o\" \/><\/figure><\/div><div class=\"swiper-slide\" role=\"group\" aria-roledescription=\"slide\" aria-label=\"6 of 6\"><figure class=\"swiper-slide-inner\"><img decoding=\"async\" class=\"swiper-slide-image\" src=\"https:\/\/oliviamolnar.be\/wp-content\/uploads\/2019\/10\/70377258_2329291524052645_2864785040888299520_o.jpg\" alt=\"70377258_2329291524052645_2864785040888299520_o\" \/><\/figure><\/div>\t\t\t<\/div>\n\t\t\t\t\t\t\t\t\t\t\t\t<div class=\"elementor-swiper-button elementor-swiper-button-prev\" role=\"button\" tabindex=\"0\">\n\t\t\t\t\t\t<i aria-hidden=\"true\" class=\"eicon-chevron-left\"><\/i>\t\t\t\t\t<\/div>\n\t\t\t\t\t<div class=\"elementor-swiper-button elementor-swiper-button-next\" role=\"button\" tabindex=\"0\">\n\t\t\t\t\t\t<i aria-hidden=\"true\" class=\"eicon-chevron-right\"><\/i>\t\t\t\t\t<\/div>\n\t\t\t\t\n\t\t\t\t\t\t\t\t\t<div class=\"swiper-pagination\"><\/div>\n\t\t\t\t\t\t\t\t\t<\/div>\n\t\t\t\t<\/div>\n\t\t\t\t<\/div>\n\t\t\t\t<div class=\"elementor-element elementor-element-1b43ebc elementor-widget elementor-widget-text-editor\" data-id=\"1b43ebc\" data-element_type=\"widget\" data-widget_type=\"text-editor.default\">\n\t\t\t\t<div class=\"elementor-widget-container\">\n\t\t\t\t\t\t\t<p>de Giulio Moln\u00e1r<br>interpr\u00e9t\u00e9 par Olivia Moln\u00e1r<\/p>\n<p><em>&#8220;Alka Selzer. Une trag\u00e9die am\u00e8re et p\u00e9tillante&#8221; : les multiples tentatives d&#8217;un alka selzer pour sortir de sa p\u00e2le condition.<\/em><\/p>\n<p><em>&#8220;Pita. M\u00e9tamorphoses d\u2019une p\u00e9pite de caf\u00e9 et d\u2019une allumette&#8221; : Pita, charmante br\u00e9silienne, par ses diverses transformations fait perdre la t\u00eate \u00e0 Jorg, jeune su\u00e9dois qui se consume d&#8217;amour pour elle.<\/em><\/p>\n<p><em>&#8220;Tempo&#8221; : un pied de nez au temps qui passe.<\/em><\/p>\n<p><em>Olivia Molnar reprend trois petites formes embl\u00e9matiques du th\u00e9\u00e2tre d\u2019objet cr\u00e9es dans les ann\u00e9es 80 par son p\u00e8re Giulio. L\u2019actrice-manipulatrice flirte ici avec l\u2019absurde et aide peu \u00e0 peu les objets \u00e0 sortir de leur condition utilitaire pour exister po\u00e9tiquement.<\/em><\/p>\t\t\t\t\t\t<\/div>\n\t\t\t\t<\/div>\n\t\t\t\t<div class=\"elementor-element elementor-element-d154571 elementor-widget elementor-widget-text-editor\" data-id=\"d154571\" data-element_type=\"widget\" data-widget_type=\"text-editor.default\">\n\t\t\t\t<div class=\"elementor-widget-container\">\n\t\t\t\t\t\t\t<p>T<a href=\"https:\/\/www.youtube.com\/watch?v=zgpBwaTHGqA\" target=\"_blank\" rel=\"noopener\">RAILER (IT)<\/a><\/p>\t\t\t\t\t\t<\/div>\n\t\t\t\t<\/div>\n\t\t\t\t<div class=\"elementor-element elementor-element-2c8f386 elementor-widget elementor-widget-spacer\" data-id=\"2c8f386\" data-element_type=\"widget\" data-widget_type=\"spacer.default\">\n\t\t\t\t<div class=\"elementor-widget-container\">\n\t\t\t\t\t<div class=\"elementor-spacer\">\n\t\t\t<div class=\"elementor-spacer-inner\"><\/div>\n\t\t<\/div>\n\t\t\t\t<\/div>\n\t\t\t\t<\/div>\n\t\t\t\t\t<\/div>\n\t\t<\/div>\n\t\t\t\t\t<\/div>\n\t\t<\/section>\n\t\t\t\t<\/div>\n\t\t","protected":false},"excerpt":{"rendered":"<p>de Giulio Moln\u00e1rinterpr\u00e9t\u00e9 par Olivia Moln\u00e1r &#8220;Alka Selzer. Une trag\u00e9die am\u00e8re et p\u00e9tillante&#8221; : les multiples tentatives d&#8217;un alka selzer pour sortir de sa p\u00e2le condition. &#8220;Pita. M\u00e9tamorphoses d\u2019une p\u00e9pite de caf\u00e9 et d\u2019une allumette&#8221; : Pita, charmante br\u00e9silienne, par ses diverses transformations fait perdre la t\u00eate \u00e0 Jorg, jeune su\u00e9dois qui se consume d&#8217;amour [&hellip;]<\/p>\n","protected":false},"author":1,"featured_media":649,"parent":0,"menu_order":0,"comment_status":"closed","ping_status":"closed","template":"","meta":{"footnotes":""},"class_list":["post-770","page","type-page","status-publish","has-post-thumbnail","hentry"],"rttpg_featured_image_url":{"full":["https:\/\/oliviamolnar.be\/wp-content\/uploads\/2024\/04\/LES-PETITS-SUICIDES-1-scaled.jpg",2560,1710,false],"landscape":["https:\/\/oliviamolnar.be\/wp-content\/uploads\/2024\/04\/LES-PETITS-SUICIDES-1-scaled.jpg",2560,1710,false],"portraits":["https:\/\/oliviamolnar.be\/wp-content\/uploads\/2024\/04\/LES-PETITS-SUICIDES-1-scaled.jpg",2560,1710,false],"thumbnail":["https:\/\/oliviamolnar.be\/wp-content\/uploads\/2024\/04\/LES-PETITS-SUICIDES-1-150x150.jpg",150,150,true],"medium":["https:\/\/oliviamolnar.be\/wp-content\/uploads\/2024\/04\/LES-PETITS-SUICIDES-1-300x200.jpg",300,200,true],"large":["https:\/\/oliviamolnar.be\/wp-content\/uploads\/2024\/04\/LES-PETITS-SUICIDES-1-845x564.jpg",800,534,true],"1536x1536":["https:\/\/oliviamolnar.be\/wp-content\/uploads\/2024\/04\/LES-PETITS-SUICIDES-1-1536x1026.jpg",1536,1026,true],"2048x2048":["https:\/\/oliviamolnar.be\/wp-content\/uploads\/2024\/04\/LES-PETITS-SUICIDES-1-2048x1368.jpg",2048,1368,true]},"rttpg_author":{"display_name":"admin9754","author_link":"https:\/\/oliviamolnar.be\/index.php\/author\/admin9754\/"},"rttpg_comment":0,"rttpg_category":null,"rttpg_excerpt":"de Giulio Moln\u00e1rinterpr\u00e9t\u00e9 par Olivia Moln\u00e1r &#8220;Alka Selzer. Une trag\u00e9die am\u00e8re et p\u00e9tillante&#8221; : les multiples tentatives d&#8217;un alka selzer pour sortir de sa p\u00e2le condition. &#8220;Pita. M\u00e9tamorphoses d\u2019une p\u00e9pite de caf\u00e9 et d\u2019une allumette&#8221; : Pita, charmante br\u00e9silienne, par ses diverses transformations fait perdre la t\u00eate \u00e0 Jorg, jeune su\u00e9dois qui se consume d&#8217;amour&hellip;","_links":{"self":[{"href":"https:\/\/oliviamolnar.be\/index.php\/wp-json\/wp\/v2\/pages\/770","targetHints":{"allow":["GET"]}}],"collection":[{"href":"https:\/\/oliviamolnar.be\/index.php\/wp-json\/wp\/v2\/pages"}],"about":[{"href":"https:\/\/oliviamolnar.be\/index.php\/wp-json\/wp\/v2\/types\/page"}],"author":[{"embeddable":true,"href":"https:\/\/oliviamolnar.be\/index.php\/wp-json\/wp\/v2\/users\/1"}],"replies":[{"embeddable":true,"href":"https:\/\/oliviamolnar.be\/index.php\/wp-json\/wp\/v2\/comments?post=770"}],"version-history":[{"count":4,"href":"https:\/\/oliviamolnar.be\/index.php\/wp-json\/wp\/v2\/pages\/770\/revisions"}],"predecessor-version":[{"id":777,"href":"https:\/\/oliviamolnar.be\/index.php\/wp-json\/wp\/v2\/pages\/770\/revisions\/777"}],"wp:featuredmedia":[{"embeddable":true,"href":"https:\/\/oliviamolnar.be\/index.php\/wp-json\/wp\/v2\/media\/649"}],"wp:attachment":[{"href":"https:\/\/oliviamolnar.be\/index.php\/wp-json\/wp\/v2\/media?parent=770"}],"curies":[{"name":"wp","href":"https:\/\/api.w.org\/{rel}","templated":true}]}}