{"id":700,"date":"2024-04-22T16:49:39","date_gmt":"2024-04-22T14:49:39","guid":{"rendered":"https:\/\/oliviamolnar.be\/?page_id=700"},"modified":"2024-04-22T16:55:00","modified_gmt":"2024-04-22T14:55:00","slug":"nature-morte-avec-colocataires-vivants","status":"publish","type":"page","link":"https:\/\/oliviamolnar.be\/index.php\/nature-morte-avec-colocataires-vivants\/","title":{"rendered":"Nature morte avec colocataires vivants"},"content":{"rendered":"\t\t<div data-elementor-type=\"wp-page\" data-elementor-id=\"700\" class=\"elementor elementor-700\">\n\t\t\t\t\t\t<section class=\"elementor-section elementor-top-section elementor-element elementor-element-242355b elementor-section-boxed elementor-section-height-default elementor-section-height-default\" data-id=\"242355b\" data-element_type=\"section\">\n\t\t\t\t\t\t<div class=\"elementor-container elementor-column-gap-default\">\n\t\t\t\t\t<div class=\"elementor-column elementor-col-100 elementor-top-column elementor-element elementor-element-880d6a5\" data-id=\"880d6a5\" data-element_type=\"column\">\n\t\t\t<div class=\"elementor-widget-wrap elementor-element-populated\">\n\t\t\t\t\t\t<div class=\"elementor-element elementor-element-dceb030 elementor-widget elementor-widget-spacer\" data-id=\"dceb030\" data-element_type=\"widget\" data-widget_type=\"spacer.default\">\n\t\t\t\t<div class=\"elementor-widget-container\">\n\t\t\t\t\t<div class=\"elementor-spacer\">\n\t\t\t<div class=\"elementor-spacer-inner\"><\/div>\n\t\t<\/div>\n\t\t\t\t<\/div>\n\t\t\t\t<\/div>\n\t\t\t\t<div class=\"elementor-element elementor-element-f6a7b91 elementor-widget elementor-widget-html\" data-id=\"f6a7b91\" data-element_type=\"widget\" data-widget_type=\"html.default\">\n\t\t\t\t<div class=\"elementor-widget-container\">\n\t\t\t<script src=\"https:\/\/fast.wistia.com\/embed\/medias\/xlugjh23j2.jsonp\" async><\/script><script src=\"https:\/\/fast.wistia.com\/assets\/external\/E-v1.js\" async><\/script><div class=\"wistia_responsive_padding\" style=\"padding:56.25% 0 0 0;position:relative;\"><div class=\"wistia_responsive_wrapper\" style=\"height:100%;left:0;position:absolute;top:0;width:100%;\"><div class=\"wistia_embed wistia_async_xlugjh23j2 videoFoam=true\" style=\"height:100%;position:relative;width:100%\"><div class=\"wistia_swatch\" style=\"height:100%;left:0;opacity:0;overflow:hidden;position:absolute;top:0;transition:opacity 200ms;width:100%;\"><img decoding=\"async\" src=\"https:\/\/fast.wistia.com\/embed\/medias\/xlugjh23j2\/swatch\" style=\"filter:blur(5px);height:100%;object-fit:contain;width:100%;\" alt=\"\" aria-hidden=\"true\" onload=\"this.parentNode.style.opacity=1;\" \/><\/div><\/div><\/div><\/div>\t\t<\/div>\n\t\t\t\t<\/div>\n\t\t\t\t<div class=\"elementor-element elementor-element-802f5c7 elementor-widget elementor-widget-text-editor\" data-id=\"802f5c7\" data-element_type=\"widget\" data-widget_type=\"text-editor.default\">\n\t\t\t\t<div class=\"elementor-widget-container\">\n\t\t\t\t\t\t\t<p>Juin 2021&nbsp;<\/p><p>Court-m\u00e9trage r\u00e9alis\u00e9 dans le cadre de la formation en vid\u00e9o \u00e0 l&#8217;\u00e9cole Agn\u00e9s Varda de Bruxelles.<\/p>\t\t\t\t\t\t<\/div>\n\t\t\t\t<\/div>\n\t\t\t\t<div class=\"elementor-element elementor-element-daa3bab elementor-widget elementor-widget-spacer\" data-id=\"daa3bab\" data-element_type=\"widget\" data-widget_type=\"spacer.default\">\n\t\t\t\t<div class=\"elementor-widget-container\">\n\t\t\t\t\t<div class=\"elementor-spacer\">\n\t\t\t<div class=\"elementor-spacer-inner\"><\/div>\n\t\t<\/div>\n\t\t\t\t<\/div>\n\t\t\t\t<\/div>\n\t\t\t\t\t<\/div>\n\t\t<\/div>\n\t\t\t\t\t<\/div>\n\t\t<\/section>\n\t\t\t\t<\/div>\n\t\t","protected":false},"excerpt":{"rendered":"<p>Juin 2021&nbsp; Court-m\u00e9trage r\u00e9alis\u00e9 dans le cadre de la formation en vid\u00e9o \u00e0 l&#8217;\u00e9cole Agn\u00e9s Varda de Bruxelles.<\/p>\n","protected":false},"author":1,"featured_media":709,"parent":0,"menu_order":0,"comment_status":"closed","ping_status":"closed","template":"","meta":{"footnotes":""},"class_list":["post-700","page","type-page","status-publish","has-post-thumbnail","hentry"],"rttpg_featured_image_url":{"full":["https:\/\/oliviamolnar.be\/wp-content\/uploads\/2024\/04\/NATURE_MORTE.png",2560,1433,false],"landscape":["https:\/\/oliviamolnar.be\/wp-content\/uploads\/2024\/04\/NATURE_MORTE.png",2560,1433,false],"portraits":["https:\/\/oliviamolnar.be\/wp-content\/uploads\/2024\/04\/NATURE_MORTE.png",2560,1433,false],"thumbnail":["https:\/\/oliviamolnar.be\/wp-content\/uploads\/2024\/04\/NATURE_MORTE-150x150.png",150,150,true],"medium":["https:\/\/oliviamolnar.be\/wp-content\/uploads\/2024\/04\/NATURE_MORTE-300x168.png",300,168,true],"large":["https:\/\/oliviamolnar.be\/wp-content\/uploads\/2024\/04\/NATURE_MORTE-845x473.png",800,448,true],"1536x1536":["https:\/\/oliviamolnar.be\/wp-content\/uploads\/2024\/04\/NATURE_MORTE-1536x860.png",1536,860,true],"2048x2048":["https:\/\/oliviamolnar.be\/wp-content\/uploads\/2024\/04\/NATURE_MORTE-2048x1146.png",2048,1146,true]},"rttpg_author":{"display_name":"admin9754","author_link":"https:\/\/oliviamolnar.be\/index.php\/author\/admin9754\/"},"rttpg_comment":0,"rttpg_category":null,"rttpg_excerpt":"Juin 2021&nbsp; Court-m\u00e9trage r\u00e9alis\u00e9 dans le cadre de la formation en vid\u00e9o \u00e0 l&#8217;\u00e9cole Agn\u00e9s Varda de Bruxelles.","_links":{"self":[{"href":"https:\/\/oliviamolnar.be\/index.php\/wp-json\/wp\/v2\/pages\/700","targetHints":{"allow":["GET"]}}],"collection":[{"href":"https:\/\/oliviamolnar.be\/index.php\/wp-json\/wp\/v2\/pages"}],"about":[{"href":"https:\/\/oliviamolnar.be\/index.php\/wp-json\/wp\/v2\/types\/page"}],"author":[{"embeddable":true,"href":"https:\/\/oliviamolnar.be\/index.php\/wp-json\/wp\/v2\/users\/1"}],"replies":[{"embeddable":true,"href":"https:\/\/oliviamolnar.be\/index.php\/wp-json\/wp\/v2\/comments?post=700"}],"version-history":[{"count":7,"href":"https:\/\/oliviamolnar.be\/index.php\/wp-json\/wp\/v2\/pages\/700\/revisions"}],"predecessor-version":[{"id":708,"href":"https:\/\/oliviamolnar.be\/index.php\/wp-json\/wp\/v2\/pages\/700\/revisions\/708"}],"wp:featuredmedia":[{"embeddable":true,"href":"https:\/\/oliviamolnar.be\/index.php\/wp-json\/wp\/v2\/media\/709"}],"wp:attachment":[{"href":"https:\/\/oliviamolnar.be\/index.php\/wp-json\/wp\/v2\/media?parent=700"}],"curies":[{"name":"wp","href":"https:\/\/api.w.org\/{rel}","templated":true}]}}