{"id":687,"date":"2024-04-22T16:38:17","date_gmt":"2024-04-22T14:38:17","guid":{"rendered":"https:\/\/oliviamolnar.be\/?page_id=687"},"modified":"2024-04-22T16:43:16","modified_gmt":"2024-04-22T14:43:16","slug":"le-jeu-3","status":"publish","type":"page","link":"https:\/\/oliviamolnar.be\/index.php\/le-jeu-3\/","title":{"rendered":"Le Jeu"},"content":{"rendered":"\t\t<div data-elementor-type=\"wp-page\" data-elementor-id=\"687\" class=\"elementor elementor-687\">\n\t\t\t\t\t\t<section class=\"elementor-section elementor-top-section elementor-element elementor-element-e0a5deb elementor-section-boxed elementor-section-height-default elementor-section-height-default\" data-id=\"e0a5deb\" data-element_type=\"section\">\n\t\t\t\t\t\t<div class=\"elementor-container elementor-column-gap-default\">\n\t\t\t\t\t<div class=\"elementor-column elementor-col-100 elementor-top-column elementor-element elementor-element-e3d92c9\" data-id=\"e3d92c9\" data-element_type=\"column\">\n\t\t\t<div class=\"elementor-widget-wrap elementor-element-populated\">\n\t\t\t\t\t\t<div class=\"elementor-element elementor-element-d93c5dd elementor-widget elementor-widget-spacer\" data-id=\"d93c5dd\" data-element_type=\"widget\" data-widget_type=\"spacer.default\">\n\t\t\t\t<div class=\"elementor-widget-container\">\n\t\t\t\t\t<div class=\"elementor-spacer\">\n\t\t\t<div class=\"elementor-spacer-inner\"><\/div>\n\t\t<\/div>\n\t\t\t\t<\/div>\n\t\t\t\t<\/div>\n\t\t\t\t<div class=\"elementor-element elementor-element-bdc95fd elementor-widget elementor-widget-video\" data-id=\"bdc95fd\" data-element_type=\"widget\" data-settings=\"{&quot;video_type&quot;:&quot;vimeo&quot;,&quot;show_image_overlay&quot;:&quot;yes&quot;,&quot;image_overlay&quot;:{&quot;url&quot;:&quot;http:\\\/\\\/oliviamolnar.be\\\/wp-content\\\/uploads\\\/2024\\\/04\\\/LE-JEU-1-scaled.jpg&quot;,&quot;id&quot;:650,&quot;size&quot;:&quot;&quot;,&quot;alt&quot;:&quot;&quot;,&quot;source&quot;:&quot;library&quot;}}\" data-widget_type=\"video.default\">\n\t\t\t\t<div class=\"elementor-widget-container\">\n\t\t\t\t\t<div class=\"elementor-wrapper elementor-open-inline\">\n\t\t\t<iframe class=\"elementor-video-iframe\" allowfullscreen allow=\"clipboard-write\" title=\"vimeo Video Player\" src=\"https:\/\/player.vimeo.com\/video\/465766921?color&amp;autopause=0&amp;loop=0&amp;muted=0&amp;title=1&amp;portrait=0&amp;byline=1#t=\"><\/iframe>\t\t\t\t<div class=\"elementor-custom-embed-image-overlay\" style=\"background-image: url(https:\/\/oliviamolnar.be\/wp-content\/uploads\/2024\/04\/LE-JEU-1-scaled.jpg);\">\n\t\t\t\t\t\t\t\t\t\t\t\t\t\t\t\t<div class=\"elementor-custom-embed-play\" role=\"button\" aria-label=\"Play Video\" tabindex=\"0\">\n\t\t\t\t\t\t\t<i aria-hidden=\"true\" class=\"eicon-play\"><\/i>\t\t\t\t\t\t\t<span class=\"elementor-screen-only\">Play Video<\/span>\n\t\t\t\t\t\t<\/div>\n\t\t\t\t\t\t\t\t\t<\/div>\n\t\t\t\t\t<\/div>\n\t\t\t\t<\/div>\n\t\t\t\t<\/div>\n\t\t\t\t<div class=\"elementor-element elementor-element-56d94e3 elementor-widget elementor-widget-spacer\" data-id=\"56d94e3\" data-element_type=\"widget\" data-widget_type=\"spacer.default\">\n\t\t\t\t<div class=\"elementor-widget-container\">\n\t\t\t\t\t<div class=\"elementor-spacer\">\n\t\t\t<div class=\"elementor-spacer-inner\"><\/div>\n\t\t<\/div>\n\t\t\t\t<\/div>\n\t\t\t\t<\/div>\n\t\t\t\t<div class=\"elementor-element elementor-element-d15c3c9 elementor-widget elementor-widget-text-editor\" data-id=\"d15c3c9\" data-element_type=\"widget\" data-widget_type=\"text-editor.default\">\n\t\t\t\t<div class=\"elementor-widget-container\">\n\t\t\t\t\t\t\t<p>Vid\u00e9o | 05:32 | Belgique<\/p><p>\u00a0<\/p><p>Dans le roman d\u2019Olga Tokarczuk, <em>Dieu, le temps, les hommes et les anges<\/em>, l\u2019un des personnages, le ch\u00e2telain Popielski, re\u00e7oit un jeu myst\u00e9rieux, le Jeu du Labyrinthe, qui d\u00e9crit le sort de huit mondes diff\u00e9rents. Le jeu s\u2019av\u00e8re le miroir de la r\u00e9alit\u00e9 et chacune de ses phases correspond \u00e0 ce qui a lieu autour. Le ch\u00e2telain, ainsi compl\u00e8tement envo\u00fbt\u00e9, finit par ne plus sortir de sa maison, il passe jour et nuit \u00e0 jouer, le jeu devient totalement sa vie. Le texte de l\u2019\u00e9crivaine polonaise devient la trame du film \u00e9ponyme qui d\u00e9cline les images du jeu et avec une distanciation plaisante \u00e9voque la cr\u00e9ation du monde.<\/p><p>Le film a \u00e9t\u00e9 r\u00e9alis\u00e9 dans l\u2019\u00e9cole de Photographie et de Techniques visuelles Agn\u00e8s Varda, de Bruxelles.<\/p>\t\t\t\t\t\t<\/div>\n\t\t\t\t<\/div>\n\t\t\t\t<div class=\"elementor-element elementor-element-fcb5f76 elementor-widget elementor-widget-spacer\" data-id=\"fcb5f76\" data-element_type=\"widget\" data-widget_type=\"spacer.default\">\n\t\t\t\t<div class=\"elementor-widget-container\">\n\t\t\t\t\t<div class=\"elementor-spacer\">\n\t\t\t<div class=\"elementor-spacer-inner\"><\/div>\n\t\t<\/div>\n\t\t\t\t<\/div>\n\t\t\t\t<\/div>\n\t\t\t\t\t<\/div>\n\t\t<\/div>\n\t\t\t\t\t<\/div>\n\t\t<\/section>\n\t\t\t\t<\/div>\n\t\t","protected":false},"excerpt":{"rendered":"<p>https:\/\/vimeo.com\/465766921 Vid\u00e9o | 05:32 | Belgique \u00a0 Dans le roman d\u2019Olga Tokarczuk, Dieu, le temps, les hommes et les anges, l\u2019un des personnages, le ch\u00e2telain Popielski, re\u00e7oit un jeu myst\u00e9rieux, le Jeu du Labyrinthe, qui d\u00e9crit le sort de huit mondes diff\u00e9rents. Le jeu s\u2019av\u00e8re le miroir de la r\u00e9alit\u00e9 et chacune de ses phases [&hellip;]<\/p>\n","protected":false},"author":1,"featured_media":650,"parent":0,"menu_order":0,"comment_status":"closed","ping_status":"closed","template":"","meta":{"footnotes":""},"class_list":["post-687","page","type-page","status-publish","has-post-thumbnail","hentry"],"rttpg_featured_image_url":{"full":["https:\/\/oliviamolnar.be\/wp-content\/uploads\/2024\/04\/LE-JEU-1-scaled.jpg",2560,1710,false],"landscape":["https:\/\/oliviamolnar.be\/wp-content\/uploads\/2024\/04\/LE-JEU-1-scaled.jpg",2560,1710,false],"portraits":["https:\/\/oliviamolnar.be\/wp-content\/uploads\/2024\/04\/LE-JEU-1-scaled.jpg",2560,1710,false],"thumbnail":["https:\/\/oliviamolnar.be\/wp-content\/uploads\/2024\/04\/LE-JEU-1-150x150.jpg",150,150,true],"medium":["https:\/\/oliviamolnar.be\/wp-content\/uploads\/2024\/04\/LE-JEU-1-300x200.jpg",300,200,true],"large":["https:\/\/oliviamolnar.be\/wp-content\/uploads\/2024\/04\/LE-JEU-1-845x564.jpg",800,534,true],"1536x1536":["https:\/\/oliviamolnar.be\/wp-content\/uploads\/2024\/04\/LE-JEU-1-1536x1026.jpg",1536,1026,true],"2048x2048":["https:\/\/oliviamolnar.be\/wp-content\/uploads\/2024\/04\/LE-JEU-1-2048x1368.jpg",2048,1368,true]},"rttpg_author":{"display_name":"admin9754","author_link":"https:\/\/oliviamolnar.be\/index.php\/author\/admin9754\/"},"rttpg_comment":0,"rttpg_category":null,"rttpg_excerpt":"https:\/\/vimeo.com\/465766921 Vid\u00e9o | 05:32 | Belgique \u00a0 Dans le roman d\u2019Olga Tokarczuk, Dieu, le temps, les hommes et les anges, l\u2019un des personnages, le ch\u00e2telain Popielski, re\u00e7oit un jeu myst\u00e9rieux, le Jeu du Labyrinthe, qui d\u00e9crit le sort de huit mondes diff\u00e9rents. Le jeu s\u2019av\u00e8re le miroir de la r\u00e9alit\u00e9 et chacune de ses phases&hellip;","_links":{"self":[{"href":"https:\/\/oliviamolnar.be\/index.php\/wp-json\/wp\/v2\/pages\/687","targetHints":{"allow":["GET"]}}],"collection":[{"href":"https:\/\/oliviamolnar.be\/index.php\/wp-json\/wp\/v2\/pages"}],"about":[{"href":"https:\/\/oliviamolnar.be\/index.php\/wp-json\/wp\/v2\/types\/page"}],"author":[{"embeddable":true,"href":"https:\/\/oliviamolnar.be\/index.php\/wp-json\/wp\/v2\/users\/1"}],"replies":[{"embeddable":true,"href":"https:\/\/oliviamolnar.be\/index.php\/wp-json\/wp\/v2\/comments?post=687"}],"version-history":[{"count":4,"href":"https:\/\/oliviamolnar.be\/index.php\/wp-json\/wp\/v2\/pages\/687\/revisions"}],"predecessor-version":[{"id":691,"href":"https:\/\/oliviamolnar.be\/index.php\/wp-json\/wp\/v2\/pages\/687\/revisions\/691"}],"wp:featuredmedia":[{"embeddable":true,"href":"https:\/\/oliviamolnar.be\/index.php\/wp-json\/wp\/v2\/media\/650"}],"wp:attachment":[{"href":"https:\/\/oliviamolnar.be\/index.php\/wp-json\/wp\/v2\/media?parent=687"}],"curies":[{"name":"wp","href":"https:\/\/api.w.org\/{rel}","templated":true}]}}