{"id":231,"date":"2017-11-24T17:57:09","date_gmt":"2017-11-24T16:57:09","guid":{"rendered":"http:\/\/oliviamolnar.be\/?page_id=231"},"modified":"2024-04-23T11:34:21","modified_gmt":"2024-04-23T09:34:21","slug":"girotondo","status":"publish","type":"page","link":"https:\/\/oliviamolnar.be\/index.php\/girotondo\/","title":{"rendered":"Illustrations"},"content":{"rendered":"\t\t<div data-elementor-type=\"wp-post\" data-elementor-id=\"231\" class=\"elementor elementor-231\">\n\t\t\t\t\t\t<section class=\"elementor-section elementor-top-section elementor-element elementor-element-536255e elementor-section-boxed elementor-section-height-default elementor-section-height-default\" data-id=\"536255e\" data-element_type=\"section\">\n\t\t\t\t\t\t<div class=\"elementor-container elementor-column-gap-default\">\n\t\t\t\t\t<div class=\"elementor-column elementor-col-100 elementor-top-column elementor-element elementor-element-8d7b682\" data-id=\"8d7b682\" data-element_type=\"column\">\n\t\t\t<div class=\"elementor-widget-wrap elementor-element-populated\">\n\t\t\t\t\t\t<div class=\"elementor-element elementor-element-99b1052 elementor-widget elementor-widget-spacer\" data-id=\"99b1052\" data-element_type=\"widget\" data-widget_type=\"spacer.default\">\n\t\t\t\t<div class=\"elementor-widget-container\">\n\t\t\t\t\t<div class=\"elementor-spacer\">\n\t\t\t<div class=\"elementor-spacer-inner\"><\/div>\n\t\t<\/div>\n\t\t\t\t<\/div>\n\t\t\t\t<\/div>\n\t\t\t\t<div class=\"elementor-element elementor-element-f6d3fe2 elementor-widget elementor-widget-image\" data-id=\"f6d3fe2\" data-element_type=\"widget\" data-widget_type=\"image.default\">\n\t\t\t\t<div class=\"elementor-widget-container\">\n\t\t\t\t\t\t\t\t\t\t\t\t\t<img fetchpriority=\"high\" decoding=\"async\" width=\"2835\" height=\"2150\" src=\"https:\/\/oliviamolnar.be\/wp-content\/uploads\/2023\/05\/Page_Chelidoine.jpg\" class=\"attachment-full size-full wp-image-604\" alt=\"\" \/>\t\t\t\t\t\t\t\t\t\t\t\t\t<\/div>\n\t\t\t\t<\/div>\n\t\t\t\t\t<\/div>\n\t\t<\/div>\n\t\t\t\t\t<\/div>\n\t\t<\/section>\n\t\t\t\t<section class=\"elementor-section elementor-top-section elementor-element elementor-element-e770c7d elementor-section-boxed elementor-section-height-default elementor-section-height-default\" data-id=\"e770c7d\" data-element_type=\"section\">\n\t\t\t\t\t\t<div class=\"elementor-container elementor-column-gap-default\">\n\t\t\t\t\t<div class=\"elementor-column elementor-col-100 elementor-top-column elementor-element elementor-element-196b27a\" data-id=\"196b27a\" data-element_type=\"column\">\n\t\t\t<div class=\"elementor-widget-wrap elementor-element-populated\">\n\t\t\t\t\t\t<div class=\"elementor-element elementor-element-752c829 elementor-widget elementor-widget-spacer\" data-id=\"752c829\" data-element_type=\"widget\" data-widget_type=\"spacer.default\">\n\t\t\t\t<div class=\"elementor-widget-container\">\n\t\t\t\t\t<div class=\"elementor-spacer\">\n\t\t\t<div class=\"elementor-spacer-inner\"><\/div>\n\t\t<\/div>\n\t\t\t\t<\/div>\n\t\t\t\t<\/div>\n\t\t\t\t<div class=\"elementor-element elementor-element-f94e1c8 elementor-widget elementor-widget-text-editor\" data-id=\"f94e1c8\" data-element_type=\"widget\" data-widget_type=\"text-editor.default\">\n\t\t\t\t<div class=\"elementor-widget-container\">\n\t\t\t\t\t\t\t<p><\/p>\n<h4><b><i>Atlas des Plantes de mauvaise vie<br><\/i><\/b><\/h4><h6><strong>U<i>n Herbier de l&#8217;infra-ordinaire<\/i><\/strong><\/h6><p><strong><br><\/strong><\/p>\n<p><\/p>\n<p>textes de Aldwin Raoul, illustrations de Olivia Molnar<\/p>\n<p>H\u00e9lices H\u00e9las \u00e9diteur<\/p>\n<div>2023<\/div>\n<div><b>&nbsp;<\/b><\/div>\n<p><style type=\"text\/css\">P { margin-bottom: 0.21cm; }<\/style>\n<\/p>\n<p><style type=\"text\/css\">P { margin-bottom: 0.21cm; }<\/style>\n<\/p>\n<p><style type=\"text\/css\">P { margin-bottom: 0.21cm; }<\/style>\n<\/p>\n\n<p>L&#8217;<i>Atlas des herbe<\/i><span style=\"color: #000000;\"><i>s de mauvaise vie <\/i><\/span><span style=\"color: #000000;\">est un livre construit autour des noms vernaculaires des plantes sauvages du milieu urbain. Il explore la richesse du lexique populaire qui v\u00e9hicule avec lui mythes, croyances et histoires naturelles. L\u2019<\/span><span style=\"color: #000000;\"><i>Atlas <\/i><\/span><span style=\"color: #000000;\">tient du bestiaire autant que du livre de botanique mettant syst\u00e9matiquement en vis-\u00e0-vis une page de texte ethno-botanique explicative et fourmillante et son alter-ego illustr\u00e9e&nbsp;: une planche en collage et dessin. Ce livre se situe \u00e0 la crois\u00e9e de la litt\u00e9rature, de la phytonomie et de la mythologie du quotidien.<\/span><\/p>\n<p><style type=\"text\/css\">P { margin-bottom: 0.21cm }<\/style>\n<\/p>\n<div>&nbsp;<\/div>\n<div>&nbsp;<\/div>\t\t\t\t\t\t<\/div>\n\t\t\t\t<\/div>\n\t\t\t\t<div class=\"elementor-element elementor-element-c6b54ef gallery-spacing-custom elementor-widget elementor-widget-image-gallery\" data-id=\"c6b54ef\" data-element_type=\"widget\" data-widget_type=\"image-gallery.default\">\n\t\t\t\t<div class=\"elementor-widget-container\">\n\t\t\t\t\t<div class=\"elementor-image-gallery\">\n\t\t\t<div id='gallery-1' class='gallery galleryid-231 gallery-columns-4 gallery-size-medium_large'><figure class='gallery-item'>\n\t\t\t<div class='gallery-icon portrait'>\n\t\t\t\t<a data-elementor-open-lightbox=\"no\" href='https:\/\/oliviamolnar.be\/wp-content\/uploads\/2024\/04\/COUVERTURE_light-scaled.jpg'><img decoding=\"async\" width=\"768\" height=\"1264\" src=\"https:\/\/oliviamolnar.be\/wp-content\/uploads\/2024\/04\/COUVERTURE_light-768x1264.jpg\" class=\"attachment-medium_large size-medium_large\" alt=\"\" \/><\/a>\n\t\t\t<\/div><\/figure><figure class='gallery-item'>\n\t\t\t<div class='gallery-icon portrait'>\n\t\t\t\t<a data-elementor-open-lightbox=\"no\" href='https:\/\/oliviamolnar.be\/wp-content\/uploads\/2022\/09\/BLEUET_light.jpg'><img decoding=\"async\" width=\"768\" height=\"1213\" src=\"https:\/\/oliviamolnar.be\/wp-content\/uploads\/2022\/09\/BLEUET_light-768x1213.jpg\" class=\"attachment-medium_large size-medium_large\" alt=\"\" \/><\/a>\n\t\t\t<\/div><\/figure><figure class='gallery-item'>\n\t\t\t<div class='gallery-icon portrait'>\n\t\t\t\t<a data-elementor-open-lightbox=\"no\" href='https:\/\/oliviamolnar.be\/wp-content\/uploads\/2022\/09\/COQUELICOT_light.jpg'><img loading=\"lazy\" decoding=\"async\" width=\"768\" height=\"1213\" src=\"https:\/\/oliviamolnar.be\/wp-content\/uploads\/2022\/09\/COQUELICOT_light-768x1213.jpg\" class=\"attachment-medium_large size-medium_large\" alt=\"\" \/><\/a>\n\t\t\t<\/div><\/figure><figure class='gallery-item'>\n\t\t\t<div class='gallery-icon portrait'>\n\t\t\t\t<a data-elementor-open-lightbox=\"no\" href='https:\/\/oliviamolnar.be\/wp-content\/uploads\/2022\/09\/PRELE_light.jpg'><img loading=\"lazy\" decoding=\"async\" width=\"768\" height=\"1213\" src=\"https:\/\/oliviamolnar.be\/wp-content\/uploads\/2022\/09\/PRELE_light-768x1213.jpg\" class=\"attachment-medium_large size-medium_large\" alt=\"\" \/><\/a>\n\t\t\t<\/div><\/figure>\n\t\t<\/div>\n\t\t<\/div>\n\t\t\t\t<\/div>\n\t\t\t\t<\/div>\n\t\t\t\t<div class=\"elementor-element elementor-element-8f313f6 elementor-widget elementor-widget-spacer\" data-id=\"8f313f6\" data-element_type=\"widget\" data-widget_type=\"spacer.default\">\n\t\t\t\t<div class=\"elementor-widget-container\">\n\t\t\t\t\t<div class=\"elementor-spacer\">\n\t\t\t<div class=\"elementor-spacer-inner\"><\/div>\n\t\t<\/div>\n\t\t\t\t<\/div>\n\t\t\t\t<\/div>\n\t\t\t\t<div class=\"elementor-element elementor-element-0d38f5f elementor-widget elementor-widget-text-editor\" data-id=\"0d38f5f\" data-element_type=\"widget\" data-widget_type=\"text-editor.default\">\n\t\t\t\t<div class=\"elementor-widget-container\">\n\t\t\t\t\t\t\t<p class=\"font_8 wixui-rich-text__text\"><span class=\"wixui-rich-text__text\">Articles de presse<br \/><\/span><\/p><p class=\"font_8 wixui-rich-text__text\"><span class=\"wixui-rich-text__text\">\u00a0<\/span><\/p><p class=\"font_8 wixui-rich-text__text\"><span class=\"wixui-rich-text__text\"><a class=\"wixui-rich-text__text\" href=\"https:\/\/pages.rts.ch\/la-1ere\/programmes\/monsieur-jardinier\/14123264-atlas-des-plantes-de-mauvaises-vie-la-bourse-a-pasteur-09-07-2023.html?fbclid=IwAR0Y5FGjd9Wlg98wtFi9rfW3LdVwtIZ-TpUiDQ3xXuhLQveOWfDBKN_lhhc&amp;mediaShare=1\" target=\"_blank\" rel=\"noreferrer noopener\">https:\/\/pages.rts.ch\/la-1ere\/programmes\/monsieur-jardinier\/14123264-atlas-des-plantes-de-mauvaises-vie-la-bourse-a-pasteur-09-07-2023.html?fbclid=IwAR0Y5FGjd9Wlg98wtFi9rfW3LdVwtIZ-TpUiDQ3xXuhLQveOWfDBKN_lhhc&amp;mediaShare=1<\/a><\/span><\/p><p class=\"font_8 wixui-rich-text__text\"><span class=\"wixui-rich-text__text\"><a class=\"wixui-rich-text__text\" href=\"https:\/\/www.tela-botanica.org\/2023\/03\/atlas-des-plantes-de-mauvaise-vie\/\" target=\"_blank\" rel=\"noreferrer noopener\">https:\/\/www.tela-botanica.org\/2023\/03\/atlas-des-plantes-de-mauvaise-vie\/<\/a><\/span><\/p><p class=\"font_8 wixui-rich-text__text\"><span class=\"wixui-rich-text__text\"><a class=\"wixui-rich-text__text\" href=\"https:\/\/objectifplumes.be\/doc\/atlas-des-plantes-de-mauvaise-vie\/\" target=\"_blank\" rel=\"noopener\" data-auto-recognition=\"true\">https:\/\/objectifplumes.be\/doc\/atlas-des-plantes-de-mauvaise-vie\/<\/a><\/span><\/p><p class=\"font_8 wixui-rich-text__text\"><span class=\"wixui-rich-text__text\"><a class=\"wixui-rich-text__text\" href=\"https:\/\/le-carnet-et-les-instants.net\/2023\/05\/30\/molnar-raoul-atlas-des-plantes-de-mauvaise-vie\/\" target=\"_blank\" rel=\"noreferrer noopener\">https:\/\/le-carnet-et-les-instants.net\/2023\/05\/30\/molnar-raoul-atlas-des-plantes-de-mauvaise-vie\/<\/a><\/span><\/p><p class=\"font_8 wixui-rich-text__text\"><span class=\"wixui-rich-text__text\"><a class=\"wixui-rich-text__text\" href=\"https:\/\/www.helicehelas.org\/_files\/ugd\/2965b2_8ac7a406162647b99016544bf9acc399.pdf\" target=\"_blank\" rel=\"noopener\">Article dans\u00a0Le Soir\u00a0du 3.4.2023<\/a><\/span><\/p><p class=\"font_8 wixui-rich-text__text\"><span class=\"wixui-rich-text__text\"><a class=\"wixui-rich-text__text\" href=\"http:\/\/karoo.me\/livres\/atlas-des-plantes-de-mauvaise-vieouvrage-impertinent-sur-les-plantes-des-paves?fbclid=IwAR0kDPy7ScNfIQPK_DCwfBnb8YGVcWoh9REdPotM9Cy11HhFm2PtGtBz96E\" target=\"_blank\" rel=\"noopener\" data-auto-recognition=\"true\">http:\/\/karoo.me\/livres\/atlas-des-plantes-de-mauvaise-vieouvrage-impertinent-sur-les-plantes-des-paves?fbclid=IwAR0kDPy7ScNfIQPK_DCwfBnb8YGVcWoh9REdPotM9Cy11HhFm2PtGtBz96E<\/a><\/span><\/p>\t\t\t\t\t\t<\/div>\n\t\t\t\t<\/div>\n\t\t\t\t<div class=\"elementor-element elementor-element-2227495 elementor-widget elementor-widget-spacer\" data-id=\"2227495\" data-element_type=\"widget\" data-widget_type=\"spacer.default\">\n\t\t\t\t<div class=\"elementor-widget-container\">\n\t\t\t\t\t<div class=\"elementor-spacer\">\n\t\t\t<div class=\"elementor-spacer-inner\"><\/div>\n\t\t<\/div>\n\t\t\t\t<\/div>\n\t\t\t\t<\/div>\n\t\t\t\t<div class=\"elementor-element elementor-element-30b0522 elementor-widget elementor-widget-image\" data-id=\"30b0522\" data-element_type=\"widget\" data-widget_type=\"image.default\">\n\t\t\t\t<div class=\"elementor-widget-container\">\n\t\t\t\t\t\t\t\t\t\t\t\t\t<img loading=\"lazy\" decoding=\"async\" width=\"1536\" height=\"1325\" src=\"https:\/\/oliviamolnar.be\/wp-content\/uploads\/2023\/05\/Atlas_couv_photo_light.jpg\" class=\"attachment-1536x1536 size-1536x1536 wp-image-603\" alt=\"\" \/>\t\t\t\t\t\t\t\t\t\t\t\t\t<\/div>\n\t\t\t\t<\/div>\n\t\t\t\t<div class=\"elementor-element elementor-element-c1a663e elementor-widget elementor-widget-spacer\" data-id=\"c1a663e\" data-element_type=\"widget\" data-widget_type=\"spacer.default\">\n\t\t\t\t<div class=\"elementor-widget-container\">\n\t\t\t\t\t<div class=\"elementor-spacer\">\n\t\t\t<div class=\"elementor-spacer-inner\"><\/div>\n\t\t<\/div>\n\t\t\t\t<\/div>\n\t\t\t\t<\/div>\n\t\t\t\t<div class=\"elementor-element elementor-element-b2ab542 elementor-widget-divider--view-line elementor-widget elementor-widget-divider\" data-id=\"b2ab542\" data-element_type=\"widget\" data-widget_type=\"divider.default\">\n\t\t\t\t<div class=\"elementor-widget-container\">\n\t\t\t\t\t<div class=\"elementor-divider\">\n\t\t\t<span class=\"elementor-divider-separator\">\n\t\t\t\t\t\t<\/span>\n\t\t<\/div>\n\t\t\t\t<\/div>\n\t\t\t\t<\/div>\n\t\t\t\t\t<\/div>\n\t\t<\/div>\n\t\t\t\t\t<\/div>\n\t\t<\/section>\n\t\t\t\t<section class=\"elementor-section elementor-top-section elementor-element elementor-element-39a7c95 elementor-section-boxed elementor-section-height-default elementor-section-height-default\" data-id=\"39a7c95\" data-element_type=\"section\">\n\t\t\t\t\t\t<div class=\"elementor-container elementor-column-gap-default\">\n\t\t\t\t\t<div class=\"elementor-column elementor-col-100 elementor-top-column elementor-element elementor-element-8dff8b3\" data-id=\"8dff8b3\" data-element_type=\"column\">\n\t\t\t<div class=\"elementor-widget-wrap elementor-element-populated\">\n\t\t\t\t\t\t<div class=\"elementor-element elementor-element-3bb5b5f1 elementor-widget elementor-widget-text-editor\" data-id=\"3bb5b5f1\" data-element_type=\"widget\" data-widget_type=\"text-editor.default\">\n\t\t\t\t<div class=\"elementor-widget-container\">\n\t\t\t\t\t\t\t<p><b>Girotondo<\/b><\/p>\n<p><b>&nbsp;<\/b><\/p>\n<p><i>Certains racontent qu\u2019il y eut dans ces terres une ville parfaite, g\u00e9om\u00e9trique et ordonn\u00e9e: ses habitants vivaient en paix sans pauvrete\u0301 ni injustices. On dit qu\u2019au milieu de la ville il y avait un bois qu\u2019en autant de si\u00e8cles personne n\u2019avait os\u00e9 abattre. Une foret d\u00e9sordonn\u00e9e, intriqu\u00e9e comme un filet, avec un sous-bois dense et visqueux o\u00f9 poussent des champignons jamais vus ailleurs et ou\u0300 la lumi\u00e8re du soleil ne p\u00e9n\u00e8tre jamais.<\/i> <i>Et plus les rues \u00e9taient claires et sym\u00e9triques, plus le bois devenait sombre et \u00e9pais. C\u2019est la\u0300 ou\u0300 disparaissent tous les chasseurs imprudents et les fillettes curieuses venues pour chercher des baies, et peut-e\u0302tre sont ils toujours dans ce bois, errants dans ce labyrinthe de troncs, branches et foug\u00e8res&#8230;<\/i><\/p>\n<p>[&#8230;]<\/p>\n<p><\/p>\n<p>contribution \u00e0 Papier machine n\u00b0 6 &nbsp;&#8220;Tourniquet&#8221;<\/p>\n<p>Textes : Olivia Moln\u00e0r<\/p>\n<p>Images : Gaspard Geerts et Olivia Moln\u00e0r<\/p>\t\t\t\t\t\t<\/div>\n\t\t\t\t<\/div>\n\t\t\t\t<div class=\"elementor-element elementor-element-c660234 elementor-widget elementor-widget-image\" data-id=\"c660234\" data-element_type=\"widget\" data-widget_type=\"image.default\">\n\t\t\t\t<div class=\"elementor-widget-container\">\n\t\t\t\t\t\t\t\t\t\t\t\t\t<img loading=\"lazy\" decoding=\"async\" width=\"768\" height=\"463\" src=\"https:\/\/oliviamolnar.be\/wp-content\/uploads\/2017\/11\/VILLE_BOIS_site-768x463.jpg\" class=\"attachment-medium_large size-medium_large wp-image-232\" alt=\"\" \/>\t\t\t\t\t\t\t\t\t\t\t\t\t<\/div>\n\t\t\t\t<\/div>\n\t\t\t\t\t<\/div>\n\t\t<\/div>\n\t\t\t\t\t<\/div>\n\t\t<\/section>\n\t\t\t\t<section class=\"elementor-section elementor-top-section elementor-element elementor-element-302775b elementor-section-boxed elementor-section-height-default elementor-section-height-default\" data-id=\"302775b\" data-element_type=\"section\">\n\t\t\t\t\t\t<div class=\"elementor-container elementor-column-gap-default\">\n\t\t\t\t\t<div class=\"elementor-column elementor-col-100 elementor-top-column elementor-element elementor-element-9bf333d\" data-id=\"9bf333d\" data-element_type=\"column\">\n\t\t\t<div class=\"elementor-widget-wrap elementor-element-populated\">\n\t\t\t\t\t\t<div class=\"elementor-element elementor-element-25d5272 elementor-widget elementor-widget-image\" data-id=\"25d5272\" data-element_type=\"widget\" data-widget_type=\"image.default\">\n\t\t\t\t<div class=\"elementor-widget-container\">\n\t\t\t\t\t\t\t\t\t\t\t\t\t<img loading=\"lazy\" decoding=\"async\" width=\"768\" height=\"457\" src=\"https:\/\/oliviamolnar.be\/wp-content\/uploads\/2017\/11\/VILLE_GALAXIE_site-768x457.jpg\" class=\"attachment-medium_large size-medium_large wp-image-235\" alt=\"\" \/>\t\t\t\t\t\t\t\t\t\t\t\t\t<\/div>\n\t\t\t\t<\/div>\n\t\t\t\t\t<\/div>\n\t\t<\/div>\n\t\t\t\t\t<\/div>\n\t\t<\/section>\n\t\t\t\t<section class=\"elementor-section elementor-top-section elementor-element elementor-element-6b5f0e4 elementor-section-boxed elementor-section-height-default elementor-section-height-default\" data-id=\"6b5f0e4\" data-element_type=\"section\">\n\t\t\t\t\t\t<div class=\"elementor-container elementor-column-gap-default\">\n\t\t\t\t\t<div class=\"elementor-column elementor-col-100 elementor-top-column elementor-element elementor-element-26c968b\" data-id=\"26c968b\" data-element_type=\"column\">\n\t\t\t<div class=\"elementor-widget-wrap elementor-element-populated\">\n\t\t\t\t\t\t<div class=\"elementor-element elementor-element-f616a02 elementor-widget elementor-widget-image\" data-id=\"f616a02\" data-element_type=\"widget\" data-widget_type=\"image.default\">\n\t\t\t\t<div class=\"elementor-widget-container\">\n\t\t\t\t\t\t\t\t\t\t\t\t\t<img loading=\"lazy\" decoding=\"async\" width=\"768\" height=\"462\" src=\"https:\/\/oliviamolnar.be\/wp-content\/uploads\/2017\/11\/VILLE_RONDPOINT_site-768x462.jpg\" class=\"attachment-medium_large size-medium_large wp-image-236\" alt=\"\" \/>\t\t\t\t\t\t\t\t\t\t\t\t\t<\/div>\n\t\t\t\t<\/div>\n\t\t\t\t<div class=\"elementor-element elementor-element-71aa118 elementor-widget elementor-widget-spacer\" data-id=\"71aa118\" data-element_type=\"widget\" data-widget_type=\"spacer.default\">\n\t\t\t\t<div class=\"elementor-widget-container\">\n\t\t\t\t\t<div class=\"elementor-spacer\">\n\t\t\t<div class=\"elementor-spacer-inner\"><\/div>\n\t\t<\/div>\n\t\t\t\t<\/div>\n\t\t\t\t<\/div>\n\t\t\t\t\t<\/div>\n\t\t<\/div>\n\t\t\t\t\t<\/div>\n\t\t<\/section>\n\t\t\t\t<\/div>\n\t\t","protected":false},"excerpt":{"rendered":"<p>Atlas des Plantes de mauvaise vie Un Herbier de l&#8217;infra-ordinaire textes de Aldwin Raoul, illustrations de Olivia Molnar H\u00e9lices H\u00e9las \u00e9diteur 2023 &nbsp; L&#8217;Atlas des herbes de mauvaise vie est un livre construit autour des noms vernaculaires des plantes sauvages du milieu urbain. Il explore la richesse du lexique populaire qui v\u00e9hicule avec lui mythes, [&hellip;]<\/p>\n","protected":false},"author":1,"featured_media":0,"parent":0,"menu_order":0,"comment_status":"closed","ping_status":"closed","template":"","meta":{"footnotes":""},"class_list":["post-231","page","type-page","status-publish","hentry"],"rttpg_featured_image_url":null,"rttpg_author":{"display_name":"admin9754","author_link":"https:\/\/oliviamolnar.be\/index.php\/author\/admin9754\/"},"rttpg_comment":0,"rttpg_category":null,"rttpg_excerpt":"Atlas des Plantes de mauvaise vie Un Herbier de l&#8217;infra-ordinaire textes de Aldwin Raoul, illustrations de Olivia Molnar H\u00e9lices H\u00e9las \u00e9diteur 2023 &nbsp; L&#8217;Atlas des herbes de mauvaise vie est un livre construit autour des noms vernaculaires des plantes sauvages du milieu urbain. Il explore la richesse du lexique populaire qui v\u00e9hicule avec lui mythes,&hellip;","_links":{"self":[{"href":"https:\/\/oliviamolnar.be\/index.php\/wp-json\/wp\/v2\/pages\/231","targetHints":{"allow":["GET"]}}],"collection":[{"href":"https:\/\/oliviamolnar.be\/index.php\/wp-json\/wp\/v2\/pages"}],"about":[{"href":"https:\/\/oliviamolnar.be\/index.php\/wp-json\/wp\/v2\/types\/page"}],"author":[{"embeddable":true,"href":"https:\/\/oliviamolnar.be\/index.php\/wp-json\/wp\/v2\/users\/1"}],"replies":[{"embeddable":true,"href":"https:\/\/oliviamolnar.be\/index.php\/wp-json\/wp\/v2\/comments?post=231"}],"version-history":[{"count":29,"href":"https:\/\/oliviamolnar.be\/index.php\/wp-json\/wp\/v2\/pages\/231\/revisions"}],"predecessor-version":[{"id":768,"href":"https:\/\/oliviamolnar.be\/index.php\/wp-json\/wp\/v2\/pages\/231\/revisions\/768"}],"wp:attachment":[{"href":"https:\/\/oliviamolnar.be\/index.php\/wp-json\/wp\/v2\/media?parent=231"}],"curies":[{"name":"wp","href":"https:\/\/api.w.org\/{rel}","templated":true}]}}