{"id":185,"date":"2017-10-04T23:26:35","date_gmt":"2017-10-04T21:26:35","guid":{"rendered":"http:\/\/oliviamolnar.be\/?page_id=185"},"modified":"2024-04-23T13:23:14","modified_gmt":"2024-04-23T11:23:14","slug":"repertoires-animees","status":"publish","type":"page","link":"https:\/\/oliviamolnar.be\/index.php\/repertoires-animees\/","title":{"rendered":"Animation Research Group"},"content":{"rendered":"\t\t<div data-elementor-type=\"wp-post\" data-elementor-id=\"185\" class=\"elementor elementor-185\">\n\t\t\t\t\t\t<section class=\"elementor-section elementor-top-section elementor-element elementor-element-a35e539 elementor-section-boxed elementor-section-height-default elementor-section-height-default\" data-id=\"a35e539\" data-element_type=\"section\">\n\t\t\t\t\t\t<div class=\"elementor-container elementor-column-gap-default\">\n\t\t\t\t\t<div class=\"elementor-column elementor-col-100 elementor-top-column elementor-element elementor-element-d15c967\" data-id=\"d15c967\" data-element_type=\"column\">\n\t\t\t<div class=\"elementor-widget-wrap elementor-element-populated\">\n\t\t\t\t\t\t<div class=\"elementor-element elementor-element-f13b09c elementor-widget elementor-widget-spacer\" data-id=\"f13b09c\" data-element_type=\"widget\" data-widget_type=\"spacer.default\">\n\t\t\t\t<div class=\"elementor-widget-container\">\n\t\t\t\t\t<div class=\"elementor-spacer\">\n\t\t\t<div class=\"elementor-spacer-inner\"><\/div>\n\t\t<\/div>\n\t\t\t\t<\/div>\n\t\t\t\t<\/div>\n\t\t\t\t\t<\/div>\n\t\t<\/div>\n\t\t\t\t\t<\/div>\n\t\t<\/section>\n\t\t\t\t<section class=\"elementor-section elementor-top-section elementor-element elementor-element-cedb979 elementor-section-boxed elementor-section-height-default elementor-section-height-default\" data-id=\"cedb979\" data-element_type=\"section\">\n\t\t\t\t\t\t<div class=\"elementor-container elementor-column-gap-default\">\n\t\t\t\t\t<div class=\"elementor-column elementor-col-100 elementor-top-column elementor-element elementor-element-05ba413\" data-id=\"05ba413\" data-element_type=\"column\">\n\t\t\t<div class=\"elementor-widget-wrap elementor-element-populated\">\n\t\t\t\t\t\t<div class=\"elementor-element elementor-element-fba283f elementor-widget elementor-widget-image\" data-id=\"fba283f\" data-element_type=\"widget\" data-widget_type=\"image.default\">\n\t\t\t\t<div class=\"elementor-widget-container\">\n\t\t\t\t\t\t\t\t\t\t\t\t\t<img decoding=\"async\" width=\"300\" height=\"132\" src=\"https:\/\/oliviamolnar.be\/wp-content\/uploads\/2024\/04\/07_CV-ARG-300x132.png\" class=\"attachment-medium size-medium wp-image-797\" alt=\"\" \/>\t\t\t\t\t\t\t\t\t\t\t\t\t<\/div>\n\t\t\t\t<\/div>\n\t\t\t\t<div class=\"elementor-element elementor-element-0823f9b elementor-widget elementor-widget-spacer\" data-id=\"0823f9b\" data-element_type=\"widget\" data-widget_type=\"spacer.default\">\n\t\t\t\t<div class=\"elementor-widget-container\">\n\t\t\t\t\t<div class=\"elementor-spacer\">\n\t\t\t<div class=\"elementor-spacer-inner\"><\/div>\n\t\t<\/div>\n\t\t\t\t<\/div>\n\t\t\t\t<\/div>\n\t\t\t\t<div class=\"elementor-element elementor-element-50723de elementor-widget__width-initial elementor-widget elementor-widget-text-editor\" data-id=\"50723de\" data-element_type=\"widget\" data-widget_type=\"text-editor.default\">\n\t\t\t\t<div class=\"elementor-widget-container\">\n\t\t\t\t\t\t\t<p>L\u2019ARG (Animation Research Group) est un collectif travaillant \u00e0 la mise en place de m\u00e9thodologies et de protocoles autour de l\u2019 \u00ab expanded animation \u00bb : une r\u00e9invention du concept d\u2019animation comme mode performatif de perception et de cr\u00e9ation d\u2019images et de r\u00e9cits, transversal \u00e0 tout medium, genre et support, au-del\u00e0 de la d\u00e9finition g\u00e9n\u00e9rique de \u00ab film d\u2019animation \u00bb. N\u00e9 au sein de l\u2019Erg (\u00e9cole de recherche graphique) \u00e0 Bruxelles en 2014, au cours d\u2019un workshop tenu par la philosophe Catherine Perret et l\u2019artiste Alexander Schellow, il rassemble des membres aux pratiques et origines h\u00e9t\u00e9rog\u00e8nes et travaille en collaboration avec diff\u00e9rentes institutions et associations, en Belgique et \u00e0 l\u2019international (e.a. : erg, Bozar, Mundaneum, A\/R, Khiasma, Sarma, Central State\u2019s Film Archive of Albania). <br><\/p><p><br><\/p><p>Les ARGonautes &#8211; ou membres de l&#8217;ARG &#8211; sont : Alexander Schellow, Myriam Raccah, Nicolas Wouters, Jules Urban, Anton Henne, Milena Desse et Olivia Molnar.<br><\/p>\t\t\t\t\t\t<\/div>\n\t\t\t\t<\/div>\n\t\t\t\t<div class=\"elementor-element elementor-element-6f5a8bf elementor-widget elementor-widget-spacer\" data-id=\"6f5a8bf\" data-element_type=\"widget\" data-widget_type=\"spacer.default\">\n\t\t\t\t<div class=\"elementor-widget-container\">\n\t\t\t\t\t<div class=\"elementor-spacer\">\n\t\t\t<div class=\"elementor-spacer-inner\"><\/div>\n\t\t<\/div>\n\t\t\t\t<\/div>\n\t\t\t\t<\/div>\n\t\t\t\t<div class=\"elementor-element elementor-element-b22a0ee elementor-widget-divider--view-line elementor-widget elementor-widget-divider\" data-id=\"b22a0ee\" data-element_type=\"widget\" data-widget_type=\"divider.default\">\n\t\t\t\t<div class=\"elementor-widget-container\">\n\t\t\t\t\t<div class=\"elementor-divider\">\n\t\t\t<span class=\"elementor-divider-separator\">\n\t\t\t\t\t\t<\/span>\n\t\t<\/div>\n\t\t\t\t<\/div>\n\t\t\t\t<\/div>\n\t\t\t\t\t<\/div>\n\t\t<\/div>\n\t\t\t\t\t<\/div>\n\t\t<\/section>\n\t\t\t\t<section class=\"elementor-section elementor-top-section elementor-element elementor-element-1dc8349 elementor-section-boxed elementor-section-height-default elementor-section-height-default\" data-id=\"1dc8349\" data-element_type=\"section\">\n\t\t\t\t\t\t<div class=\"elementor-container elementor-column-gap-default\">\n\t\t\t\t\t<div class=\"elementor-column elementor-col-100 elementor-top-column elementor-element elementor-element-d10f708\" data-id=\"d10f708\" data-element_type=\"column\">\n\t\t\t<div class=\"elementor-widget-wrap elementor-element-populated\">\n\t\t\t\t\t\t<div class=\"elementor-element elementor-element-ff892ca elementor-arrows-position-inside elementor-pagination-position-outside elementor-widget elementor-widget-image-carousel\" data-id=\"ff892ca\" data-element_type=\"widget\" data-settings=\"{&quot;slides_to_show&quot;:&quot;1&quot;,&quot;navigation&quot;:&quot;both&quot;,&quot;autoplay&quot;:&quot;yes&quot;,&quot;pause_on_hover&quot;:&quot;yes&quot;,&quot;pause_on_interaction&quot;:&quot;yes&quot;,&quot;autoplay_speed&quot;:5000,&quot;infinite&quot;:&quot;yes&quot;,&quot;effect&quot;:&quot;slide&quot;,&quot;speed&quot;:500}\" data-widget_type=\"image-carousel.default\">\n\t\t\t\t<div class=\"elementor-widget-container\">\n\t\t\t\t\t<div class=\"elementor-image-carousel-wrapper swiper\" dir=\"ltr\">\n\t\t\t<div class=\"elementor-image-carousel swiper-wrapper\" aria-live=\"off\">\n\t\t\t\t\t\t\t\t<div class=\"swiper-slide\" role=\"group\" aria-roledescription=\"slide\" aria-label=\"1 of 4\"><figure class=\"swiper-slide-inner\"><img decoding=\"async\" class=\"swiper-slide-image\" src=\"https:\/\/oliviamolnar.be\/wp-content\/uploads\/2018\/04\/Ext-Image-KhiasmaBureau-20171110.jpg\" alt=\"Ext-Image-KhiasmaBureau-20171110\" \/><\/figure><\/div><div class=\"swiper-slide\" role=\"group\" aria-roledescription=\"slide\" aria-label=\"2 of 4\"><figure class=\"swiper-slide-inner\"><img decoding=\"async\" class=\"swiper-slide-image\" src=\"https:\/\/oliviamolnar.be\/wp-content\/uploads\/2024\/04\/Ext-Image-KhiasmaTalk3-20171110-1536x1024.jpg\" alt=\"Ext-Image-KhiasmaTalk3-20171110\" \/><\/figure><\/div><div class=\"swiper-slide\" role=\"group\" aria-roledescription=\"slide\" aria-label=\"3 of 4\"><figure class=\"swiper-slide-inner\"><img decoding=\"async\" class=\"swiper-slide-image\" src=\"https:\/\/oliviamolnar.be\/wp-content\/uploads\/2024\/04\/Crea-Image-PageTestOlivia-2017-07-24.png\" alt=\"Crea-Image-PageTestOlivia-2017-07-24\" \/><\/figure><\/div><div class=\"swiper-slide\" role=\"group\" aria-roledescription=\"slide\" aria-label=\"4 of 4\"><figure class=\"swiper-slide-inner\"><img decoding=\"async\" class=\"swiper-slide-image\" src=\"https:\/\/oliviamolnar.be\/wp-content\/uploads\/2024\/04\/2_intention_erg-1536x1152.jpg\" alt=\"2_intention_erg\" \/><\/figure><\/div>\t\t\t<\/div>\n\t\t\t\t\t\t\t\t\t\t\t\t<div class=\"elementor-swiper-button elementor-swiper-button-prev\" role=\"button\" tabindex=\"0\">\n\t\t\t\t\t\t<i aria-hidden=\"true\" class=\"eicon-chevron-left\"><\/i>\t\t\t\t\t<\/div>\n\t\t\t\t\t<div class=\"elementor-swiper-button elementor-swiper-button-next\" role=\"button\" tabindex=\"0\">\n\t\t\t\t\t\t<i aria-hidden=\"true\" class=\"eicon-chevron-right\"><\/i>\t\t\t\t\t<\/div>\n\t\t\t\t\n\t\t\t\t\t\t\t\t\t<div class=\"swiper-pagination\"><\/div>\n\t\t\t\t\t\t\t\t\t<\/div>\n\t\t\t\t<\/div>\n\t\t\t\t<\/div>\n\t\t\t\t\t<\/div>\n\t\t<\/div>\n\t\t\t\t\t<\/div>\n\t\t<\/section>\n\t\t\t\t<section class=\"elementor-section elementor-top-section elementor-element elementor-element-f1e91a5 elementor-section-boxed elementor-section-height-default elementor-section-height-default\" data-id=\"f1e91a5\" data-element_type=\"section\">\n\t\t\t\t\t\t<div class=\"elementor-container elementor-column-gap-default\">\n\t\t\t\t\t<div class=\"elementor-column elementor-col-100 elementor-top-column elementor-element elementor-element-4109c4f\" data-id=\"4109c4f\" data-element_type=\"column\">\n\t\t\t<div class=\"elementor-widget-wrap elementor-element-populated\">\n\t\t\t\t\t\t<div class=\"elementor-element elementor-element-4018cc5a elementor-widget__width-initial elementor-widget elementor-widget-text-editor\" data-id=\"4018cc5a\" data-element_type=\"widget\" data-widget_type=\"text-editor.default\">\n\t\t\t\t<div class=\"elementor-widget-container\">\n\t\t\t\t\t\t\t<div class=\"page\" title=\"Page 18\"><div class=\"layoutArea\"><div class=\"column\">Tout au long de l\u2019ann\u00e9e 2017, les ARGonautes ont travaill\u00e9 \u00e0 la r\u00e9alisation de <em><b>R\u00e9pertoires Anim\u00e9s<\/b><\/em> : projet con\u00e7u en collaboration avec le Mundaneum de Mons, qui regroupe les archives de Paul Otlet et Henri La Fontaine, et avec Oral Sites, un espace virtuel cr\u00e9\u00e9 par Sarma et accueillant des publications d\u2019artistes. Prenant la forme de recherches et d\u2019interventions collectives sur les mat\u00e9riaux h\u00e9t\u00e9rog\u00e8nes pr\u00e9sents dans la collection du Mundaneum, le projet a abouti \u00e0 la cr\u00e9ation d\u2019une publication num\u00e9rique &#8211; forme de cartographie performative du patrimoine du Mundaneum &#8211; sur la plateforme Oral Site. <br \/>Ce projet, soutenu par A\/R (art et recherche), met en sc\u00e8ne des processus de (re)construction de la m\u00e9moire par un r\u00e9agencement performatif et ludique de documents d\u2019archive.<\/div><div class=\"column\">\u00a0<\/div><\/div><\/div><p><a style=\"background-color: #ffffff;\" href=\"http:\/\/madewitholga.be\/pages\/RepertoiresAnimes_Accueil\" target=\"_blank\" rel=\"noopener\">R\u00e9pertoires Anim\u00e9es<\/a><\/p><p><a style=\"background-color: #ffffff;\" href=\"http:\/\/www.khiasma.net\/rdv\/animation-research-group\/\">Arg \u00e0 Khiasma<\/a><\/p><p><a style=\"background-color: #ffffff;\" href=\"http:\/\/warehouse.industries\/en\/entry\/repertoires-animes\/\" target=\"_blank\" rel=\"noopener\">Warehouse publication<\/a><\/p>\t\t\t\t\t\t<\/div>\n\t\t\t\t<\/div>\n\t\t\t\t<div class=\"elementor-element elementor-element-3e640d9 elementor-widget elementor-widget-spacer\" data-id=\"3e640d9\" data-element_type=\"widget\" data-widget_type=\"spacer.default\">\n\t\t\t\t<div class=\"elementor-widget-container\">\n\t\t\t\t\t<div class=\"elementor-spacer\">\n\t\t\t<div class=\"elementor-spacer-inner\"><\/div>\n\t\t<\/div>\n\t\t\t\t<\/div>\n\t\t\t\t<\/div>\n\t\t\t\t<div class=\"elementor-element elementor-element-dc12335 elementor-widget-divider--view-line elementor-widget elementor-widget-divider\" data-id=\"dc12335\" data-element_type=\"widget\" data-widget_type=\"divider.default\">\n\t\t\t\t<div class=\"elementor-widget-container\">\n\t\t\t\t\t<div class=\"elementor-divider\">\n\t\t\t<span class=\"elementor-divider-separator\">\n\t\t\t\t\t\t<\/span>\n\t\t<\/div>\n\t\t\t\t<\/div>\n\t\t\t\t<\/div>\n\t\t\t\t\t<\/div>\n\t\t<\/div>\n\t\t\t\t\t<\/div>\n\t\t<\/section>\n\t\t\t\t<section class=\"elementor-section elementor-top-section elementor-element elementor-element-7319114 elementor-section-boxed elementor-section-height-default elementor-section-height-default\" data-id=\"7319114\" data-element_type=\"section\">\n\t\t\t\t\t\t<div class=\"elementor-container elementor-column-gap-default\">\n\t\t\t\t\t<div class=\"elementor-column elementor-col-50 elementor-top-column elementor-element elementor-element-a8a39a6\" data-id=\"a8a39a6\" data-element_type=\"column\">\n\t\t\t<div class=\"elementor-widget-wrap elementor-element-populated\">\n\t\t\t\t\t\t<div class=\"elementor-element elementor-element-79185f1 elementor-widget elementor-widget-image\" data-id=\"79185f1\" data-element_type=\"widget\" data-widget_type=\"image.default\">\n\t\t\t\t<div class=\"elementor-widget-container\">\n\t\t\t\t\t\t\t\t\t\t\t\t\t<img fetchpriority=\"high\" decoding=\"async\" width=\"800\" height=\"449\" src=\"https:\/\/oliviamolnar.be\/wp-content\/uploads\/2019\/05\/46308135_1958358734472413_3458741243687731200_o-845x474.jpg\" class=\"attachment-large size-large wp-image-413\" alt=\"\" \/>\t\t\t\t\t\t\t\t\t\t\t\t\t<\/div>\n\t\t\t\t<\/div>\n\t\t\t\t\t<\/div>\n\t\t<\/div>\n\t\t\t\t<div class=\"elementor-column elementor-col-50 elementor-top-column elementor-element elementor-element-d4b51b3\" data-id=\"d4b51b3\" data-element_type=\"column\">\n\t\t\t<div class=\"elementor-widget-wrap elementor-element-populated\">\n\t\t\t\t\t\t<div class=\"elementor-element elementor-element-7e73012 elementor-widget elementor-widget-image\" data-id=\"7e73012\" data-element_type=\"widget\" data-widget_type=\"image.default\">\n\t\t\t\t<div class=\"elementor-widget-container\">\n\t\t\t\t\t\t\t\t\t\t\t\t\t<img decoding=\"async\" width=\"800\" height=\"449\" src=\"https:\/\/oliviamolnar.be\/wp-content\/uploads\/2019\/05\/47579142_1974614219513531_1383999940656627712_o-845x474.jpg\" class=\"attachment-large size-large wp-image-412\" alt=\"\" \/>\t\t\t\t\t\t\t\t\t\t\t\t\t<\/div>\n\t\t\t\t<\/div>\n\t\t\t\t\t<\/div>\n\t\t<\/div>\n\t\t\t\t\t<\/div>\n\t\t<\/section>\n\t\t\t\t<section class=\"elementor-section elementor-top-section elementor-element elementor-element-24d119a elementor-section-boxed elementor-section-height-default elementor-section-height-default\" data-id=\"24d119a\" data-element_type=\"section\">\n\t\t\t\t\t\t<div class=\"elementor-container elementor-column-gap-default\">\n\t\t\t\t\t<div class=\"elementor-column elementor-col-100 elementor-top-column elementor-element elementor-element-92996a5\" data-id=\"92996a5\" data-element_type=\"column\">\n\t\t\t<div class=\"elementor-widget-wrap elementor-element-populated\">\n\t\t\t\t\t\t<div class=\"elementor-element elementor-element-1f92526 elementor-widget elementor-widget-spacer\" data-id=\"1f92526\" data-element_type=\"widget\" data-widget_type=\"spacer.default\">\n\t\t\t\t<div class=\"elementor-widget-container\">\n\t\t\t\t\t<div class=\"elementor-spacer\">\n\t\t\t<div class=\"elementor-spacer-inner\"><\/div>\n\t\t<\/div>\n\t\t\t\t<\/div>\n\t\t\t\t<\/div>\n\t\t\t\t<div class=\"elementor-element elementor-element-99ddaf8 elementor-widget elementor-widget-text-editor\" data-id=\"99ddaf8\" data-element_type=\"widget\" data-widget_type=\"text-editor.default\">\n\t\t\t\t<div class=\"elementor-widget-container\">\n\t\t\t\t\t\t\t<p>En 2018, dans la continuation de son int\u00e9r\u00eat pour les archives, l\u2019ARG a con\u00e7u l\u2019espace <strong><em>Iceberg<\/em><\/strong> au sein de l\u2019exposition <em>Chris Marker Memories of the Future \u00e0 Bozar<\/em>, Palais des Beaux-Arts \u00e0 Bruxelles. L\u2019<em>Iceberg<\/em> fut un atelier mouvant et \u00e9ph\u00e9m\u00e8re ; un lieu de rencontres autonome et auto-g\u00e9r\u00e9, inspir\u00e9 par le travail de Chris Marker, invitant les visiteurs\/acteurs \u00e0 exp\u00e9rimenter des dispositifs en lien avec son \u0153uvre \u00e0 l\u2019aide d\u2019outils informatiques ou analogiques, de textes, d\u2019images et de sons. L\u2019espace \u00e9tait donc en lui-m\u00eame une installation r\u00e9fl\u00e9chissant \u00e0 la construction d\u2019outils de cr\u00e9ation collaboratifs, lieu m\u00e9moriel et de travail \u00e0 la fois, con\u00e7u pour que chacun puisse se le r\u00e9approprier tout en conservant un dialogue tenu avec les d\u00e9marches artistiques de Chris Marker. Dans le cadre des activit\u00e9s de l\u2019<em>Iceberg<\/em>, l\u2019ARG a mis \u00e0 l\u2019\u00e9preuve son propre dispositif au cours d\u2019une semaine de workshops, accueillant un public h\u00e9t\u00e9rog\u00e8ne (\u00e9tudiant.e.s en art, r\u00e9alisateur.trices, amateurs.trices et passionn\u00e9.e.s, public de l\u2019exposition&#8230;). Avant de dispara\u00eetre, l\u2019<em>Iceberg<\/em> a accueilli une exposition finale rassemblant les traces de deux mois bouillonnants d\u2019ateliers, de projections, de performances, de recherches et de rencontres sur les traces de Chris Marker.<\/p>\t\t\t\t\t\t<\/div>\n\t\t\t\t<\/div>\n\t\t\t\t\t<\/div>\n\t\t<\/div>\n\t\t\t\t\t<\/div>\n\t\t<\/section>\n\t\t\t\t<section class=\"elementor-section elementor-top-section elementor-element elementor-element-f386bbb elementor-section-boxed elementor-section-height-default elementor-section-height-default\" data-id=\"f386bbb\" data-element_type=\"section\">\n\t\t\t\t\t\t<div class=\"elementor-container elementor-column-gap-default\">\n\t\t\t\t\t<div class=\"elementor-column elementor-col-100 elementor-top-column elementor-element elementor-element-4be4d32\" data-id=\"4be4d32\" data-element_type=\"column\">\n\t\t\t<div class=\"elementor-widget-wrap elementor-element-populated\">\n\t\t\t\t\t\t<div class=\"elementor-element elementor-element-b367f56 elementor-widget elementor-widget-spacer\" data-id=\"b367f56\" data-element_type=\"widget\" data-widget_type=\"spacer.default\">\n\t\t\t\t<div class=\"elementor-widget-container\">\n\t\t\t\t\t<div class=\"elementor-spacer\">\n\t\t\t<div class=\"elementor-spacer-inner\"><\/div>\n\t\t<\/div>\n\t\t\t\t<\/div>\n\t\t\t\t<\/div>\n\t\t\t\t\t<\/div>\n\t\t<\/div>\n\t\t\t\t\t<\/div>\n\t\t<\/section>\n\t\t\t\t<section class=\"elementor-section elementor-top-section elementor-element elementor-element-cfa5444 elementor-section-boxed elementor-section-height-default elementor-section-height-default\" data-id=\"cfa5444\" data-element_type=\"section\">\n\t\t\t\t\t\t<div class=\"elementor-container elementor-column-gap-default\">\n\t\t\t\t\t<div class=\"elementor-column elementor-col-100 elementor-top-column elementor-element elementor-element-5e93820\" data-id=\"5e93820\" data-element_type=\"column\">\n\t\t\t<div class=\"elementor-widget-wrap elementor-element-populated\">\n\t\t\t\t\t\t<div class=\"elementor-element elementor-element-67c9df5 elementor-widget elementor-widget-image\" data-id=\"67c9df5\" data-element_type=\"widget\" data-widget_type=\"image.default\">\n\t\t\t\t<div class=\"elementor-widget-container\">\n\t\t\t\t\t\t\t\t\t\t\t\t\t<img loading=\"lazy\" decoding=\"async\" width=\"2048\" height=\"1365\" src=\"https:\/\/oliviamolnar.be\/wp-content\/uploads\/2019\/05\/46525644_1965132140461739_6567700483933208576_o.jpg\" class=\"attachment-full size-full wp-image-411\" alt=\"\" \/>\t\t\t\t\t\t\t\t\t\t\t\t\t<\/div>\n\t\t\t\t<\/div>\n\t\t\t\t\t<\/div>\n\t\t<\/div>\n\t\t\t\t\t<\/div>\n\t\t<\/section>\n\t\t\t\t<section class=\"elementor-section elementor-top-section elementor-element elementor-element-a00bd87 elementor-section-boxed elementor-section-height-default elementor-section-height-default\" data-id=\"a00bd87\" data-element_type=\"section\">\n\t\t\t\t\t\t<div class=\"elementor-container elementor-column-gap-default\">\n\t\t\t\t\t<div class=\"elementor-column elementor-col-100 elementor-top-column elementor-element elementor-element-f518018\" data-id=\"f518018\" data-element_type=\"column\">\n\t\t\t<div class=\"elementor-widget-wrap elementor-element-populated\">\n\t\t\t\t\t\t<div class=\"elementor-element elementor-element-b2e1c88 elementor-widget elementor-widget-spacer\" data-id=\"b2e1c88\" data-element_type=\"widget\" data-widget_type=\"spacer.default\">\n\t\t\t\t<div class=\"elementor-widget-container\">\n\t\t\t\t\t<div class=\"elementor-spacer\">\n\t\t\t<div class=\"elementor-spacer-inner\"><\/div>\n\t\t<\/div>\n\t\t\t\t<\/div>\n\t\t\t\t<\/div>\n\t\t\t\t\t<\/div>\n\t\t<\/div>\n\t\t\t\t\t<\/div>\n\t\t<\/section>\n\t\t\t\t<\/div>\n\t\t","protected":false},"excerpt":{"rendered":"<p>L\u2019ARG (Animation Research Group) est un collectif travaillant \u00e0 la mise en place de m\u00e9thodologies et de protocoles autour de l\u2019 \u00ab expanded animation \u00bb : une r\u00e9invention du concept d\u2019animation comme mode performatif de perception et de cr\u00e9ation d\u2019images et de r\u00e9cits, transversal \u00e0 tout medium, genre et support, au-del\u00e0 de la d\u00e9finition g\u00e9n\u00e9rique [&hellip;]<\/p>\n","protected":false},"author":1,"featured_media":0,"parent":0,"menu_order":0,"comment_status":"closed","ping_status":"closed","template":"","meta":{"footnotes":""},"class_list":["post-185","page","type-page","status-publish","hentry"],"rttpg_featured_image_url":null,"rttpg_author":{"display_name":"admin9754","author_link":"https:\/\/oliviamolnar.be\/index.php\/author\/admin9754\/"},"rttpg_comment":0,"rttpg_category":null,"rttpg_excerpt":"L\u2019ARG (Animation Research Group) est un collectif travaillant \u00e0 la mise en place de m\u00e9thodologies et de protocoles autour de l\u2019 \u00ab expanded animation \u00bb : une r\u00e9invention du concept d\u2019animation comme mode performatif de perception et de cr\u00e9ation d\u2019images et de r\u00e9cits, transversal \u00e0 tout medium, genre et support, au-del\u00e0 de la d\u00e9finition g\u00e9n\u00e9rique&hellip;","_links":{"self":[{"href":"https:\/\/oliviamolnar.be\/index.php\/wp-json\/wp\/v2\/pages\/185","targetHints":{"allow":["GET"]}}],"collection":[{"href":"https:\/\/oliviamolnar.be\/index.php\/wp-json\/wp\/v2\/pages"}],"about":[{"href":"https:\/\/oliviamolnar.be\/index.php\/wp-json\/wp\/v2\/types\/page"}],"author":[{"embeddable":true,"href":"https:\/\/oliviamolnar.be\/index.php\/wp-json\/wp\/v2\/users\/1"}],"replies":[{"embeddable":true,"href":"https:\/\/oliviamolnar.be\/index.php\/wp-json\/wp\/v2\/comments?post=185"}],"version-history":[{"count":46,"href":"https:\/\/oliviamolnar.be\/index.php\/wp-json\/wp\/v2\/pages\/185\/revisions"}],"predecessor-version":[{"id":816,"href":"https:\/\/oliviamolnar.be\/index.php\/wp-json\/wp\/v2\/pages\/185\/revisions\/816"}],"wp:attachment":[{"href":"https:\/\/oliviamolnar.be\/index.php\/wp-json\/wp\/v2\/media?parent=185"}],"curies":[{"name":"wp","href":"https:\/\/api.w.org\/{rel}","templated":true}]}}